{"id":9058,"date":"2023-08-31T18:05:10","date_gmt":"2023-08-31T16:05:10","guid":{"rendered":"https:\/\/cool-down.swiss\/gtc\/"},"modified":"2024-02-13T14:52:09","modified_gmt":"2024-02-13T13:52:09","slug":"cgc","status":"publish","type":"page","link":"https:\/\/cool-down.swiss\/it\/cgc\/","title":{"rendered":"CGC"},"content":{"rendered":"\t\t<div data-elementor-type=\"wp-page\" data-elementor-id=\"9058\" class=\"elementor elementor-9058 elementor-7165\" data-elementor-settings=\"{&quot;element_pack_global_tooltip_width&quot;:{&quot;unit&quot;:&quot;px&quot;,&quot;size&quot;:&quot;&quot;,&quot;sizes&quot;:[]},&quot;element_pack_global_tooltip_width_tablet&quot;:{&quot;unit&quot;:&quot;px&quot;,&quot;size&quot;:&quot;&quot;,&quot;sizes&quot;:[]},&quot;element_pack_global_tooltip_width_mobile&quot;:{&quot;unit&quot;:&quot;px&quot;,&quot;size&quot;:&quot;&quot;,&quot;sizes&quot;:[]},&quot;element_pack_global_tooltip_padding&quot;:{&quot;unit&quot;:&quot;px&quot;,&quot;top&quot;:&quot;&quot;,&quot;right&quot;:&quot;&quot;,&quot;bottom&quot;:&quot;&quot;,&quot;left&quot;:&quot;&quot;,&quot;isLinked&quot;:true},&quot;element_pack_global_tooltip_padding_tablet&quot;:{&quot;unit&quot;:&quot;px&quot;,&quot;top&quot;:&quot;&quot;,&quot;right&quot;:&quot;&quot;,&quot;bottom&quot;:&quot;&quot;,&quot;left&quot;:&quot;&quot;,&quot;isLinked&quot;:true},&quot;element_pack_global_tooltip_padding_mobile&quot;:{&quot;unit&quot;:&quot;px&quot;,&quot;top&quot;:&quot;&quot;,&quot;right&quot;:&quot;&quot;,&quot;bottom&quot;:&quot;&quot;,&quot;left&quot;:&quot;&quot;,&quot;isLinked&quot;:true},&quot;element_pack_global_tooltip_border_radius&quot;:{&quot;unit&quot;:&quot;px&quot;,&quot;top&quot;:&quot;&quot;,&quot;right&quot;:&quot;&quot;,&quot;bottom&quot;:&quot;&quot;,&quot;left&quot;:&quot;&quot;,&quot;isLinked&quot;:true},&quot;element_pack_global_tooltip_border_radius_tablet&quot;:{&quot;unit&quot;:&quot;px&quot;,&quot;top&quot;:&quot;&quot;,&quot;right&quot;:&quot;&quot;,&quot;bottom&quot;:&quot;&quot;,&quot;left&quot;:&quot;&quot;,&quot;isLinked&quot;:true},&quot;element_pack_global_tooltip_border_radius_mobile&quot;:{&quot;unit&quot;:&quot;px&quot;,&quot;top&quot;:&quot;&quot;,&quot;right&quot;:&quot;&quot;,&quot;bottom&quot;:&quot;&quot;,&quot;left&quot;:&quot;&quot;,&quot;isLinked&quot;:true}}\" data-elementor-post-type=\"page\">\n\t\t\t\t\t\t<section class=\"elementor-section elementor-top-section elementor-element elementor-element-5f4dec4 elementor-section-boxed elementor-section-height-default elementor-section-height-default\" data-id=\"5f4dec4\" data-element_type=\"section\" data-e-type=\"section\">\n\t\t\t\t\t\t<div class=\"elementor-container elementor-column-gap-default\">\n\t\t\t\t\t<div class=\"elementor-column elementor-col-100 elementor-top-column elementor-element elementor-element-3b3f5fb\" data-id=\"3b3f5fb\" data-element_type=\"column\" data-e-type=\"column\">\n\t\t\t<div class=\"elementor-widget-wrap elementor-element-populated\">\n\t\t\t\t\t\t<div class=\"elementor-element elementor-element-39d7a4b elementor-widget elementor-widget-spacer\" data-id=\"39d7a4b\" data-element_type=\"widget\" data-e-type=\"widget\" data-widget_type=\"spacer.default\">\n\t\t\t\t<div class=\"elementor-widget-container\">\n\t\t\t\t\t\t\t<div class=\"elementor-spacer\">\n\t\t\t<div class=\"elementor-spacer-inner\"><\/div>\n\t\t<\/div>\n\t\t\t\t\t\t<\/div>\n\t\t\t\t<\/div>\n\t\t\t\t\t<\/div>\n\t\t<\/div>\n\t\t\t\t\t<\/div>\n\t\t<\/section>\n\t\t\t\t<section class=\"elementor-section elementor-top-section elementor-element elementor-element-49e9e7f elementor-section-boxed elementor-section-height-default elementor-section-height-default\" data-id=\"49e9e7f\" data-element_type=\"section\" data-e-type=\"section\">\n\t\t\t\t\t\t<div class=\"elementor-container elementor-column-gap-default\">\n\t\t\t\t\t<div class=\"elementor-column elementor-col-100 elementor-top-column elementor-element elementor-element-7969cc4\" data-id=\"7969cc4\" data-element_type=\"column\" data-e-type=\"column\">\n\t\t\t<div class=\"elementor-widget-wrap elementor-element-populated\">\n\t\t\t\t\t\t<div class=\"elementor-element elementor-element-35dff25 elementor-widget elementor-widget-heading\" data-id=\"35dff25\" data-element_type=\"widget\" data-e-type=\"widget\" data-widget_type=\"heading.default\">\n\t\t\t\t<div class=\"elementor-widget-container\">\n\t\t\t\t\t<h1 class=\"elementor-heading-title elementor-size-default\">CGC<\/h1>\t\t\t\t<\/div>\n\t\t\t\t<\/div>\n\t\t\t\t\t<\/div>\n\t\t<\/div>\n\t\t\t\t\t<\/div>\n\t\t<\/section>\n\t\t\t\t<section class=\"elementor-section elementor-top-section elementor-element elementor-element-b88a785 elementor-section-boxed elementor-section-height-default elementor-section-height-default\" data-id=\"b88a785\" data-element_type=\"section\" data-e-type=\"section\">\n\t\t\t\t\t\t<div class=\"elementor-container elementor-column-gap-default\">\n\t\t\t\t\t<div class=\"elementor-column elementor-col-100 elementor-top-column elementor-element elementor-element-83e6e93\" data-id=\"83e6e93\" data-element_type=\"column\" data-e-type=\"column\">\n\t\t\t<div class=\"elementor-widget-wrap elementor-element-populated\">\n\t\t\t\t\t\t<div class=\"elementor-element elementor-element-a45a720 elementor-widget elementor-widget-text-editor\" data-id=\"a45a720\" data-element_type=\"widget\" data-e-type=\"widget\" data-widget_type=\"text-editor.default\">\n\t\t\t\t<div class=\"elementor-widget-container\">\n\t\t\t\t\t\t\t\t\t<p><strong>Condizioni generali di cool down ag<\/strong><\/p><p><strong>\u00a01. <\/strong><strong>Geltungsbereich<\/strong><\/p><p>I presenti termini e condizioni (di seguito \u00abCGC\u00bb) regolano il rapporto tra cool down ag (CHE-102.191.590) (di seguito \u00abcool down\u00bb) e i suoi clienti.<\/p><p>A meno che cool down e il cliente non abbiano concordato diversamente nell&#8217;ambito di un accordo individuale, la vendita dei prodotti cool down si basa esclusivamente sulle presenti CGV.<\/p><p>Il cliente riconosce le CGC nella versione valida al momento della conclusione del con-tratto o dell&#8217;utilizzo dei servizi di cool down. <u>cool down si riserva il diritto di adattare le presenti CGC alle mutate circostanze in qualsiasi momento<\/u>. Le CGC attualmente valide possono essere scaricate all&#8217;indirizzo [www.cool-down.swiss\/it\/cgc\/].<\/p><p><u>Le CGC si basano esclusivamente sul diritto sostanziale svizzero e si applicano all&#8217;in-terno della Svizzera. Le modifiche e gli accordi sussidiari sono efficaci solo se confermati per iscritto da cool down.<\/u><\/p><p>Se viene stipulato un contratto e il cliente presenta anche le CGC, valgono i punti principali. Se singoli accordi scritti sono in contrasto con le presenti CGC in singoli casi, han-no la precedenza i singoli accordi scritti. Se le presenti CGC sono in contrasto con le condizioni generali di contratto del cliente, le CGC di cool down hanno la precedenza sulle CGC del cliente. Le disposizioni divergenti nelle CGC del cliente o di terzi sono vincolanti solo se sono state espressamente accettate per iscritto da cool down. Il silenzio da parte di cool down in merito alle condizioni generali del cliente non sar\u00e0 in nessun caso considerato come riconoscimento o consenso alle condizioni generali del cliente.<\/p><p>Le presenti CGC si applicano dal momento in cui sono diventate parte integrante del contratto con il cliente. Ci\u00f2 avviene se le CGC sono espressamente indicate come par-te integrante del contratto, ma anche se cool down fa riferimento alle CGC, allegandole o stampandole su offerte, conferme d&#8217;ordine e fatture. Anche l&#8217;accettazione globale nell&#8217;ambito degli ordini effettuati tramite il negozio online \u00e8 considerata una dichiarazione di consenso esplicita e completa.<\/p><p>\u00a0<\/p><p><strong>2. Offerta da cool down<\/strong><\/p><p>cool down vende diversi prodotti per il raffreddamento del corpo.<\/p><p>Alcuni dei prodotti venduti da cool down sono considerati prodotti che rientrano nel campo di applicazione della legge svizzera sugli agenti terapeutici (Schweizerischen Heilmittelgesetz (HMG)) del 15 dicembre 2000 (TPA). Ove necessario, i prodotti sono stati autorizzati dall&#8217;autorit\u00e0 competente.<\/p><p>cool down fornisce una descrizione del prodotto per ciascuno dei suoi prodotti; cool down si impegna a garantire che le descrizioni siano corrette e complete. <u>Il cliente riconosce espressamente che cool down non si assume alcuna responsabilit\u00e0 per l&#8217;accuratezza, la tempestivit\u00e0 e la completezza delle descrizioni e delle immagini dei prodotti. In caso di dubbi sulla correttezza, il cliente pu\u00f2 contattare cool down in qualsiasi momento tramite il modulo di contatto o via e-mail<\/u>.<\/p><p><u>I prodotti di raffreddamento devono essere utilizzati esclusivamente secondo le istruzioni d&#8217;uso riportate sui prodotti stessi<\/u>.<\/p><p>\u00a0<\/p><p><strong>3. Ordine e conclusione del contratto in generale<\/strong><\/p><p>Le offerte di cool down non sono vincolanti e sono soggette a modifiche, se non diversamente indicato nell&#8217;offerta.<\/p><p>Il contratto con cool down si considera concluso al momento della conferma esplicita dell&#8217;ordine\/dichiarazione di accettazione da parte di cool down. Il cliente \u00e8 responsabile dell&#8217;accuratezza delle informazioni fornite nel suo ordine. Il silenzio di cool down su una controfferta del cliente non \u00e8 in nessun caso considerato una dichiarazione di accetta-zione.<\/p><p>Finch\u00e9 il contratto non \u00e8 concluso, tutti i documenti presentati con l&#8217;offerta rimangono di propriet\u00e0 di Cool Down. L&#8217;uso e\/o l&#8217;utilizzo da parte del cliente non \u00e8 consentito. Se il cliente ha fornito a cool down documenti o simili per la preparazione dell&#8217;offerta, cool down \u00e8 libera di utilizzare tali documenti, indipendentemente dalla conclusione di un contratto.<\/p><p>\u00a0<\/p><p><strong>4. Ordinazione e stipula del contratto in particolare tramite web shop<\/strong><\/p><p><u>La presentazione dei prodotti, inclusi i relativi prezzi, nel web shop cool down non costituisce n\u00e9 un&#8217;offerta n\u00e9 una garanzia di disponibilit\u00e0 dei prodotti. I prodotti elencati nel negozio web cool down sono piuttosto un catalogo online non vincolante<\/u>.<\/p><p>Il cliente \u00e8 responsabile dell&#8217;esattezza delle informazioni fornite al momento dell&#8217;ordine. cool down spedir\u00e0 l&#8217;ordine all&#8217;indirizzo indicato dal cliente, senza verificare nuovamente le informazioni. Eventuali costi aggiuntivi derivanti da informazioni incomplete o errate o da successive modifiche all&#8217;ordine da parte del cliente saranno interamente a carico di quest&#8217;ultimo.<\/p><p><u>Completando il processo di ordinazione del prodotto<\/u> (ovvero cliccando sul pulsante &#8220;Ordinanza con spese&#8221; e accettando globalmente i Termini e le Condizioni Generali e l&#8217;Informativa sulla Privacy), <u>il cliente invia a cool down un&#8217;offerta vincolante per 30 giorni lavorativi<\/u>. <u>L&#8217;offerta si considera accettata solo quando una conferma elettronica dell&#8217;ordine e dell&#8217;accettazione viene inviata all&#8217;indirizzo e-mail del cliente<\/u>. Il cliente riconosce che ricever\u00e0 una <u>conferma di ricezione dell&#8217;offerta poco dopo l&#8217;invio della stessa. Tale conferma di ricezione dell&#8217;offerta non costituisce accettazione<\/u>. Una volta inviata la conferma dell&#8217;ordine e dell&#8217;accettazione, l&#8217;offerta del cliente si considera accettata e il contratto di acquisto concluso.<\/p><p>\u00a0<\/p><p><strong>5. Spedizione e responsabilit\u00e0 per danni da trasporto<\/strong><\/p><p><strong>\u00a0<\/strong>I prodotti ordinati vengono spediti in base alla disponibilit\u00e0 dei prodotti (solitamente entro 5 giorni lavorativi dall&#8217;invio dell&#8217;ordine e dalla conferma di accettazione) e solitamente franco magazzino o franco fabbrica (Ex Works).<\/p><p>Le date di consegna o i periodi di consegna specificati devono essere considerati come linee guida e non come date di consegna vincolanti.<\/p><p>Vengono spediti in un imballaggio standard di cartone.<\/p><p><u>Il beneficio e il rischio della consegna vengono trasferiti al cliente quando il pacco viene consegnato al fornitore di servizi logistici (Ex Works secondo gli Incoterms 2020). Di conseguenza, si conviene che cool down non si assume alcuna garanzia o responsabilit\u00e0 in relazione al trasporto del prodotto. Se si verificano danni durante il trasporto o se il prodotto correttamente spedito non arriva al luogo di consegna, il cliente deve contatta-re direttamente la societ\u00e0 di logistica<\/u>.<\/p><p>\u00a0<\/p><p><strong>6. Prezzi<\/strong><\/p><p><strong>\u00a0<\/strong>Se non diversamente concordato nel contratto, tutti i prezzi indicati sono in CHF e includono l&#8217;IVA applicabile. Sono riservati gli errori tecnici, gli errori e gli errori di stampa. <u>cool down si riserva il diritto di modificare i prezzi in qualsiasi momento e senza preavviso<\/u>.<\/p><p><u>cool down pu\u00f2 addebitare un costo aggiuntivo<\/u> per <u>la spedizione e l&#8217;imballaggio<\/u> dei prodotti ordinati. L&#8217;importo <u>esatto<\/u> delle spese di spedizione sar\u00e0 indicato nell&#8217;ordine \u2013 in definitiva vincolante <u>nella conferma d&#8217;ordine<\/u> e di accettazione. cool down potr\u00e0, a propria discrezione, rinunciare alle spese di spedizione per ordini superiori a una determinata quantit\u00e0.<\/p><p>\u00a0<\/p><p><strong>7. Condizioni di pagamento<\/strong><\/p><p>Se non diversamente concordato nel contratto, le fatture cool down devono essere pagate entro 10 giorni dalla data della fattura, senza alcuna detrazione. Il cliente prende atto che per le spedizioni all&#8217;estero (cio\u00e8 al di fuori della Svizzera) \u00e8 richiesto un pagamento anticipato.<\/p><p>Se il termine di pagamento non viene rispettato, il cliente sar\u00e0 in mora <u>senza sollecito<\/u> e dovr\u00e0 pagare un <u>interesse di mora del 5%<\/u> annuo.<\/p><p>Se il cliente \u00e8 in ritardo con il pagamento e cool down non ha ancora consegnato l&#8217;ordine o non lo ha consegnato completamente, cool down ha il diritto di trattenere la consegna fino a quando il cliente non avr\u00e0 saldato tutti i pagamenti dovuti.<\/p><p>\u00a0<\/p><p><strong>8. Obbligo di segnalazione<\/strong><\/p><p><u>Il cliente si impegna a segnalare immediatamente a cool down tutti gli incidenti indesiderati, gravi o insoliti. Se utile, il cliente deve documentare l&#8217;incidente e, se necessario, inviare il prodotto a cool down, previa consultazione con cool down<\/u>.<\/p><p>\u00a0<\/p><p>Se il <u>cliente agisce come rivenditore<\/u> dei prodotti, si impegna a comunicare immediatamente a cool down eventuali reclami presentati dai suoi clienti in merito ai prodotti cool down. Il cliente rivenditore far\u00e0 ogni sforzo ragionevole per reclamare dal cliente che ha presentato il reclamo per inoltrarlo a cool down. Eventuali spese saranno a carico del cliente.<\/p><p>\u00a0<\/p><p><strong>9. Mantenimento del titolo<\/strong><\/p><p>I prodotti rimangono di propriet\u00e0 di cool down fino al completo pagamento o alla completa liquidazione di tutti i crediti derivanti da un rapporto commerciale in corso da parte del cliente. cool down \u00e8 autorizzata a far iscrivere la propria riserva di propriet\u00e0 nel relativo registro della riserva di propriet\u00e0.<\/p><p>\u00a0<\/p><p><strong>10. Diritto di restituzione<\/strong><\/p><p>Non esiste alcun diritto alla restituzione di prodotti non utilizzati e confezionati. Le eccezioni sono disciplinate in modo definitivo nelle sezioni 10 e 11.<\/p><p>\u00a0<\/p><p><strong>11. Responsabilit\u00e0 civile<\/strong><\/p><p><u>cool down \u00e8 responsabile nei confronti del cliente per i danni causati al cliente da azioni intenzionali o gravemente negligenti di cool down<\/u>.<\/p><p><u>Ogni ulteriore responsabilit\u00e0 \u00e8 esclusa nella misura consentita dalla legge. \u00c8 espressamente esclusa la responsabilit\u00e0 per gli ausiliari del raffreddamento, nonch\u00e9 la responsabilit\u00e0 per il mancato guadagno, i danni indiretti, i danni punitivi o altri danni conseguenti<\/u>.<\/p><p>\u00a0<\/p><p><strong>12. Garanzia<\/strong><\/p><p>cool down si impegna a consegnare i prodotti nelle condizioni specificate nel contratto. Ci\u00f2 significa che cool down consegna i prodotti privi di difetti di fabbricazione e di mate-riale. Si considera garantito solo ci\u00f2 che \u00e8 stato indicato come tale sui foglietti illustrativi e sulle istruzioni per l&#8217;uso.<\/p><p>La condizione contrattuale \u00e8 garantita fino alla data di scadenza indicata sui prodotti.<\/p><p>Il <u>cliente<\/u> deve verificare immediatamente <u>dopo<\/u> la <u>consegna<\/u> se il <u>prodotto<\/u> <u>consegnato<\/u> <u>presenta<\/u> <u>difetti<\/u>. I <u>difetti riconoscibili o evidenti devono<\/u> essere denunciati entro e non oltre <u>5 giorni di calendario<\/u> dalla consegna, i <u>difetti nascosti entro 5 giorni di calendario dalla scoperta<\/u>, a mezzo lettera raccomandata. La notifica deve essere motivata e deve essere accompagnata da una foto che mostri chiaramente il difetto.<\/p><p>Allo scadere dei suddetti termini di reclamo, la consegna si considera approvata in toto.<\/p><p>In caso di reclamo giustificato, il cliente pu\u00f2 richiedere il valore ridotto o una consegna\/rielaborazione sostitutiva. In quest&#8217;ultimo caso, il cliente pu\u00f2 restituire il prodotto difettoso a spese di Cool Down, che potr\u00e0 decidere a sua discrezione se consegnare un prodotto sostitutivo o correggere il difetto del prodotto difettoso. \u00c8 esclusa la cancella-zione. Deve essere restituita anche la confezione originale. I difetti non significativi (difetti estetici, difetti dell&#8217;imballaggio che non influiscono sull&#8217;utilizzabilit\u00e0, ecc.<\/p><p>\u00a0<\/p><p><strong>13. Termini di prescrizione<\/strong><\/p><p>Qualsiasi responsabilit\u00e0 e richiesta di garanzia scadr\u00e0 al pi\u00f9 tardi 24 mesi dopo la consegna.<\/p><p>\u00a0<\/p><p><strong>14. Protezione dei dati<\/strong><\/p><p>cool down tratta i dati dei clienti in conformit\u00e0 alle disposizioni di legge obbligatorie. Ulteriori informazioni sulla protezione dei dati sono contenute nell&#8217;informativa sulla privacy in vigore, accessibile all&#8217;indirizzo [www.cool-down.swiss\/it\/privacypolicy\/].<\/p><p>\u00a0<\/p><p><strong>15. Disposizioni finali<\/strong><\/p><p><u>In caso di controversia legale, i tribunali della sede legale di cool down avranno giurisdizione esclusiva. I presenti termini e condizioni generali sono soggetti alla legge svizzera, ad esclusione di qualsiasi conflitto di leggi e della Convenzione di Vienna sulle vendite<\/u>.<\/p><p>Il <u>cliente<\/u> ha <u>diritto a compensare <\/u>una domanda riconvenzionale <u>solo se queste sono state stabilite legalmente o se cool down le ha confermate per iscritto<\/u>.<\/p><p>Qualora una delle disposizioni del presente contratto sia o diventi illegale, invalida o inapplicabile per qualsiasi motivo, ci\u00f2 non pregiudica la validit\u00e0 delle restanti disposizioni. Se non diversamente concordato, la disposizione non valida sar\u00e0 considerata sostituita da una disposizione valida che rifletta il pi\u00f9 possibile lo scopo economico della disposizione e l&#8217;intenzione delle parti al momento della stipula del contratto. Lo stesso vale per eventuali lacune.<\/p><p>01.11.2023<\/p>\t\t\t\t\t\t\t\t<\/div>\n\t\t\t\t<\/div>\n\t\t\t\t\t<\/div>\n\t\t<\/div>\n\t\t\t\t\t<\/div>\n\t\t<\/section>\n\t\t\t\t<section class=\"elementor-section elementor-top-section elementor-element elementor-element-d143976 elementor-section-boxed elementor-section-height-default elementor-section-height-default\" data-id=\"d143976\" data-element_type=\"section\" data-e-type=\"section\">\n\t\t\t\t\t\t<div class=\"elementor-container elementor-column-gap-default\">\n\t\t\t\t\t<div class=\"elementor-column elementor-col-100 elementor-top-column elementor-element elementor-element-d2086b8\" data-id=\"d2086b8\" data-element_type=\"column\" data-e-type=\"column\">\n\t\t\t<div class=\"elementor-widget-wrap elementor-element-populated\">\n\t\t\t\t\t\t<div class=\"elementor-element elementor-element-3d32cc7 elementor-widget elementor-widget-spacer\" data-id=\"3d32cc7\" data-element_type=\"widget\" data-e-type=\"widget\" data-widget_type=\"spacer.default\">\n\t\t\t\t<div class=\"elementor-widget-container\">\n\t\t\t\t\t\t\t<div class=\"elementor-spacer\">\n\t\t\t<div class=\"elementor-spacer-inner\"><\/div>\n\t\t<\/div>\n\t\t\t\t\t\t<\/div>\n\t\t\t\t<\/div>\n\t\t\t\t\t<\/div>\n\t\t<\/div>\n\t\t\t\t\t<\/div>\n\t\t<\/section>\n\t\t\t\t<section class=\"elementor-section elementor-top-section elementor-element elementor-element-0835207 elementor-section-boxed elementor-section-height-default elementor-section-height-default\" data-id=\"0835207\" data-element_type=\"section\" data-e-type=\"section\">\n\t\t\t\t\t\t<div class=\"elementor-container elementor-column-gap-default\">\n\t\t\t\t\t<div class=\"elementor-column elementor-col-100 elementor-top-column elementor-element elementor-element-e4233fc\" data-id=\"e4233fc\" data-element_type=\"column\" data-e-type=\"column\">\n\t\t\t<div class=\"elementor-widget-wrap elementor-element-populated\">\n\t\t\t\t\t\t<div class=\"elementor-element elementor-element-4d59874 elementor-widget elementor-widget-spacer\" data-id=\"4d59874\" data-element_type=\"widget\" data-e-type=\"widget\" data-widget_type=\"spacer.default\">\n\t\t\t\t<div class=\"elementor-widget-container\">\n\t\t\t\t\t\t\t<div class=\"elementor-spacer\">\n\t\t\t<div class=\"elementor-spacer-inner\"><\/div>\n\t\t<\/div>\n\t\t\t\t\t\t<\/div>\n\t\t\t\t<\/div>\n\t\t\t\t\t<\/div>\n\t\t<\/div>\n\t\t\t\t\t<\/div>\n\t\t<\/section>\n\t\t\t\t<\/div>\n\t\t","protected":false},"excerpt":{"rendered":"<p>CGC Condizioni generali di cool down ag \u00a01. Geltungsbereich I presenti termini e condizioni (di seguito \u00abCGC\u00bb) regolano il rapporto tra cool down ag (CHE-102.191.590) (di seguito \u00abcool down\u00bb) e i suoi clienti. A meno che cool down e il cliente non abbiano concordato diversamente nell&#8217;ambito di un accordo individuale, la vendita dei prodotti cool [&hellip;]<\/p>\n","protected":false},"author":2,"featured_media":0,"parent":0,"menu_order":0,"comment_status":"closed","ping_status":"closed","template":"","meta":{"footnotes":""},"class_list":["post-9058","page","type-page","status-publish","hentry"],"_links":{"self":[{"href":"https:\/\/cool-down.swiss\/it\/wp-json\/wp\/v2\/pages\/9058","targetHints":{"allow":["GET"]}}],"collection":[{"href":"https:\/\/cool-down.swiss\/it\/wp-json\/wp\/v2\/pages"}],"about":[{"href":"https:\/\/cool-down.swiss\/it\/wp-json\/wp\/v2\/types\/page"}],"author":[{"embeddable":true,"href":"https:\/\/cool-down.swiss\/it\/wp-json\/wp\/v2\/users\/2"}],"replies":[{"embeddable":true,"href":"https:\/\/cool-down.swiss\/it\/wp-json\/wp\/v2\/comments?post=9058"}],"version-history":[{"count":17,"href":"https:\/\/cool-down.swiss\/it\/wp-json\/wp\/v2\/pages\/9058\/revisions"}],"predecessor-version":[{"id":10154,"href":"https:\/\/cool-down.swiss\/it\/wp-json\/wp\/v2\/pages\/9058\/revisions\/10154"}],"wp:attachment":[{"href":"https:\/\/cool-down.swiss\/it\/wp-json\/wp\/v2\/media?parent=9058"}],"curies":[{"name":"wp","href":"https:\/\/api.w.org\/{rel}","templated":true}]}}