{"id":8739,"date":"2022-07-13T11:48:32","date_gmt":"2022-07-13T09:48:32","guid":{"rendered":"https:\/\/cool-down.swiss\/impressum\/"},"modified":"2024-02-05T15:54:22","modified_gmt":"2024-02-05T14:54:22","slug":"mentions-legales","status":"publish","type":"page","link":"https:\/\/cool-down.swiss\/fr\/mentions-legales\/","title":{"rendered":"Mentions l\u00e9gales"},"content":{"rendered":"\t\t<div data-elementor-type=\"wp-page\" data-elementor-id=\"8739\" class=\"elementor elementor-8739 elementor-197\" data-elementor-settings=\"{&quot;element_pack_global_tooltip_width&quot;:{&quot;unit&quot;:&quot;px&quot;,&quot;size&quot;:&quot;&quot;,&quot;sizes&quot;:[]},&quot;element_pack_global_tooltip_width_tablet&quot;:{&quot;unit&quot;:&quot;px&quot;,&quot;size&quot;:&quot;&quot;,&quot;sizes&quot;:[]},&quot;element_pack_global_tooltip_width_mobile&quot;:{&quot;unit&quot;:&quot;px&quot;,&quot;size&quot;:&quot;&quot;,&quot;sizes&quot;:[]},&quot;element_pack_global_tooltip_padding&quot;:{&quot;unit&quot;:&quot;px&quot;,&quot;top&quot;:&quot;&quot;,&quot;right&quot;:&quot;&quot;,&quot;bottom&quot;:&quot;&quot;,&quot;left&quot;:&quot;&quot;,&quot;isLinked&quot;:true},&quot;element_pack_global_tooltip_padding_tablet&quot;:{&quot;unit&quot;:&quot;px&quot;,&quot;top&quot;:&quot;&quot;,&quot;right&quot;:&quot;&quot;,&quot;bottom&quot;:&quot;&quot;,&quot;left&quot;:&quot;&quot;,&quot;isLinked&quot;:true},&quot;element_pack_global_tooltip_padding_mobile&quot;:{&quot;unit&quot;:&quot;px&quot;,&quot;top&quot;:&quot;&quot;,&quot;right&quot;:&quot;&quot;,&quot;bottom&quot;:&quot;&quot;,&quot;left&quot;:&quot;&quot;,&quot;isLinked&quot;:true},&quot;element_pack_global_tooltip_border_radius&quot;:{&quot;unit&quot;:&quot;px&quot;,&quot;top&quot;:&quot;&quot;,&quot;right&quot;:&quot;&quot;,&quot;bottom&quot;:&quot;&quot;,&quot;left&quot;:&quot;&quot;,&quot;isLinked&quot;:true},&quot;element_pack_global_tooltip_border_radius_tablet&quot;:{&quot;unit&quot;:&quot;px&quot;,&quot;top&quot;:&quot;&quot;,&quot;right&quot;:&quot;&quot;,&quot;bottom&quot;:&quot;&quot;,&quot;left&quot;:&quot;&quot;,&quot;isLinked&quot;:true},&quot;element_pack_global_tooltip_border_radius_mobile&quot;:{&quot;unit&quot;:&quot;px&quot;,&quot;top&quot;:&quot;&quot;,&quot;right&quot;:&quot;&quot;,&quot;bottom&quot;:&quot;&quot;,&quot;left&quot;:&quot;&quot;,&quot;isLinked&quot;:true}}\" data-elementor-post-type=\"page\">\n\t\t\t\t\t\t<section class=\"elementor-section elementor-top-section elementor-element elementor-element-4b99649 elementor-section-boxed elementor-section-height-default elementor-section-height-default\" data-id=\"4b99649\" data-element_type=\"section\" data-e-type=\"section\">\n\t\t\t\t\t\t<div class=\"elementor-container elementor-column-gap-default\">\n\t\t\t\t\t<div class=\"elementor-column elementor-col-100 elementor-top-column elementor-element elementor-element-3687587\" data-id=\"3687587\" data-element_type=\"column\" data-e-type=\"column\">\n\t\t\t<div class=\"elementor-widget-wrap elementor-element-populated\">\n\t\t\t\t\t\t<div class=\"elementor-element elementor-element-b43f7f9 elementor-widget elementor-widget-spacer\" data-id=\"b43f7f9\" data-element_type=\"widget\" data-e-type=\"widget\" data-widget_type=\"spacer.default\">\n\t\t\t\t<div class=\"elementor-widget-container\">\n\t\t\t\t\t\t\t<div class=\"elementor-spacer\">\n\t\t\t<div class=\"elementor-spacer-inner\"><\/div>\n\t\t<\/div>\n\t\t\t\t\t\t<\/div>\n\t\t\t\t<\/div>\n\t\t\t\t\t<\/div>\n\t\t<\/div>\n\t\t\t\t\t<\/div>\n\t\t<\/section>\n\t\t\t\t<section class=\"elementor-section elementor-top-section elementor-element elementor-element-154f35d elementor-section-boxed elementor-section-height-default elementor-section-height-default\" data-id=\"154f35d\" data-element_type=\"section\" data-e-type=\"section\" data-settings=\"{&quot;background_background&quot;:&quot;classic&quot;}\">\n\t\t\t\t\t\t<div class=\"elementor-container elementor-column-gap-default\">\n\t\t\t\t\t<div class=\"elementor-column elementor-col-100 elementor-top-column elementor-element elementor-element-d890e5d\" data-id=\"d890e5d\" data-element_type=\"column\" data-e-type=\"column\" data-settings=\"{&quot;background_background&quot;:&quot;classic&quot;}\">\n\t\t\t<div class=\"elementor-widget-wrap elementor-element-populated\">\n\t\t\t\t\t\t<div class=\"elementor-element elementor-element-06cc1b9 elementor-widget elementor-widget-heading\" data-id=\"06cc1b9\" data-element_type=\"widget\" data-e-type=\"widget\" data-widget_type=\"heading.default\">\n\t\t\t\t<div class=\"elementor-widget-container\">\n\t\t\t\t\t<h1 class=\"elementor-heading-title elementor-size-default\">Mentions l\u00e9gales<\/h1>\t\t\t\t<\/div>\n\t\t\t\t<\/div>\n\t\t\t\t<div class=\"elementor-element elementor-element-27e95bf elementor-widget elementor-widget-spacer\" data-id=\"27e95bf\" data-element_type=\"widget\" data-e-type=\"widget\" data-widget_type=\"spacer.default\">\n\t\t\t\t<div class=\"elementor-widget-container\">\n\t\t\t\t\t\t\t<div class=\"elementor-spacer\">\n\t\t\t<div class=\"elementor-spacer-inner\"><\/div>\n\t\t<\/div>\n\t\t\t\t\t\t<\/div>\n\t\t\t\t<\/div>\n\t\t\t\t\t<\/div>\n\t\t<\/div>\n\t\t\t\t\t<\/div>\n\t\t<\/section>\n\t\t\t\t<section class=\"elementor-section elementor-top-section elementor-element elementor-element-7bc3959 elementor-section-boxed elementor-section-height-default elementor-section-height-default\" data-id=\"7bc3959\" data-element_type=\"section\" data-e-type=\"section\">\n\t\t\t\t\t\t<div class=\"elementor-container elementor-column-gap-default\">\n\t\t\t\t\t<div class=\"elementor-column elementor-col-50 elementor-top-column elementor-element elementor-element-d5899a0\" data-id=\"d5899a0\" data-element_type=\"column\" data-e-type=\"column\">\n\t\t\t<div class=\"elementor-widget-wrap elementor-element-populated\">\n\t\t\t\t\t\t<div class=\"elementor-element elementor-element-479d693 vertical-border-remove-yes elementor-hidden-mobile bdt-header-hidden-yes bdt-hide-entries-on-mobile-yes elementor-widget elementor-widget-bdt-table\" data-id=\"479d693\" data-element_type=\"widget\" data-e-type=\"widget\" data-widget_type=\"bdt-table.default\">\n\t\t\t\t<div class=\"elementor-widget-container\">\n\t\t\t\t\t\t\t<div class=\"bdt-table bdt-table-default-responsive bdt-stripe bdt-data-table\" id=\"bdt-table-479d693\" data-settings=\"{&quot;paging&quot;:false,&quot;info&quot;:false,&quot;searching&quot;:false,&quot;ordering&quot;:false}\">\n\t\t\t<table>\n<thead>\n        <tr>\n            <th>...<\/th>\n            <th>...<\/th>\n        <\/tr>\n    <\/thead>\n<tr>\n<td width=\"190\">Adresse<\/td>\n<td>cool down ag,\nGaswerkstrasse 15, <br>\nCH-8570 Weinfelden TG,\nSuisse<\/td>\n<\/tr>\n<tr>\n<td>Registre du commerce<\/td>\n<td>CH-440.4.014.406-7<\/td>\n<\/tr>\n<tr>\n<td>Conseil d'administration<\/td>\n<td>Marciano Filippone<\/td>\n<\/tr>\n<tr>\n<td>E-mail<\/td>\n<td><a href=\"mailto:info@cool-down.swiss\">info@cool-down.swiss<\/a><\/td>\n<\/tr>\n<tr>\n<td>T\u00e9l<\/td>\n<td>(+41)\u00a071 620 20 66<\/td>\n<\/tr>\n<tr>\n<td>Fax<\/td>\n<td>(+41)\u00a071 636 25 43<\/td>\n<\/tr>\n<\/table>\t\t<\/div>\n\t\t\t\t\t\t<\/div>\n\t\t\t\t<\/div>\n\t\t\t\t<div class=\"elementor-element elementor-element-1ab03a4 elementor-hidden-desktop elementor-hidden-tablet elementor-widget elementor-widget-text-editor\" data-id=\"1ab03a4\" data-element_type=\"widget\" data-e-type=\"widget\" data-widget_type=\"text-editor.default\">\n\t\t\t\t<div class=\"elementor-widget-container\">\n\t\t\t\t\t\t\t\t\t<h5 style=\"font-family: var( --e-global-typography-7044a64-font-family ), Sans-serif; font-weight: var( --e-global-typography-7044a64-font-weight ); line-height: var( --e-global-typography-7044a64-line-height ); font-size: var( --e-global-typography-7044a64-font-size ); letter-spacing: normal; word-spacing: 0px;\">Adresse<\/h5><p>cool down ag<\/p><p>Gaswerkstrasse 15<\/p><p>CH-8570 Weinfelden TG<\/p><p>Suisse<\/p><h5 style=\"font-family: var( --e-global-typography-7044a64-font-family ), Sans-serif; font-weight: var( --e-global-typography-7044a64-font-weight ); line-height: var( --e-global-typography-7044a64-line-height ); font-size: var( --e-global-typography-7044a64-font-size ); letter-spacing: normal; word-spacing: 0px;\">Registre du commerce<\/h5><p>CH-440.4.014.406-7<\/p><h5 style=\"font-family: var( --e-global-typography-7044a64-font-family ), Sans-serif; font-weight: var( --e-global-typography-7044a64-font-weight ); line-height: var( --e-global-typography-7044a64-line-height ); font-size: var( --e-global-typography-7044a64-font-size ); letter-spacing: normal; word-spacing: 0px;\">Conseil d&rsquo;administration<\/h5><p>Marciano Filippone<\/p><h5 style=\"font-family: var( --e-global-typography-7044a64-font-family ), Sans-serif; font-weight: var( --e-global-typography-7044a64-font-weight ); line-height: var( --e-global-typography-7044a64-line-height ); font-size: var( --e-global-typography-7044a64-font-size ); letter-spacing: normal; word-spacing: 0px;\">E-mail<\/h5><p>info@cool-down.swiss<\/p><h5 style=\"font-family: var( --e-global-typography-7044a64-font-family ), Sans-serif; font-weight: var( --e-global-typography-7044a64-font-weight ); line-height: var( --e-global-typography-7044a64-line-height ); font-size: var( --e-global-typography-7044a64-font-size ); letter-spacing: normal; word-spacing: 0px;\">T\u00e9l<\/h5><p>(+41) 71 620 20 66<\/p><h5 style=\"font-family: var( --e-global-typography-7044a64-font-family ), Sans-serif; font-weight: var( --e-global-typography-7044a64-font-weight ); line-height: var( --e-global-typography-7044a64-line-height ); font-size: var( --e-global-typography-7044a64-font-size ); letter-spacing: normal; word-spacing: 0px;\">Fax<\/h5><p>(+41) 71 636 25 43<\/p>\t\t\t\t\t\t\t\t<\/div>\n\t\t\t\t<\/div>\n\t\t\t\t\t<\/div>\n\t\t<\/div>\n\t\t\t\t<div class=\"elementor-column elementor-col-50 elementor-top-column elementor-element elementor-element-428f91b\" data-id=\"428f91b\" data-element_type=\"column\" data-e-type=\"column\">\n\t\t\t<div class=\"elementor-widget-wrap\">\n\t\t\t\t\t\t\t<\/div>\n\t\t<\/div>\n\t\t\t\t\t<\/div>\n\t\t<\/section>\n\t\t\t\t<section class=\"elementor-section elementor-top-section elementor-element elementor-element-39a6776 elementor-section-boxed elementor-section-height-default elementor-section-height-default\" data-id=\"39a6776\" data-element_type=\"section\" data-e-type=\"section\">\n\t\t\t\t\t\t<div class=\"elementor-container elementor-column-gap-default\">\n\t\t\t\t\t<div class=\"elementor-column elementor-col-100 elementor-top-column elementor-element elementor-element-765e131\" data-id=\"765e131\" data-element_type=\"column\" data-e-type=\"column\">\n\t\t\t<div class=\"elementor-widget-wrap elementor-element-populated\">\n\t\t\t\t\t\t<div class=\"elementor-element elementor-element-8fec538 elementor-widget elementor-widget-spacer\" data-id=\"8fec538\" data-element_type=\"widget\" data-e-type=\"widget\" data-widget_type=\"spacer.default\">\n\t\t\t\t<div class=\"elementor-widget-container\">\n\t\t\t\t\t\t\t<div class=\"elementor-spacer\">\n\t\t\t<div class=\"elementor-spacer-inner\"><\/div>\n\t\t<\/div>\n\t\t\t\t\t\t<\/div>\n\t\t\t\t<\/div>\n\t\t\t\t\t<\/div>\n\t\t<\/div>\n\t\t\t\t\t<\/div>\n\t\t<\/section>\n\t\t\t\t<section class=\"elementor-section elementor-top-section elementor-element elementor-element-3f6bbcb elementor-section-boxed elementor-section-height-default elementor-section-height-default\" data-id=\"3f6bbcb\" data-element_type=\"section\" data-e-type=\"section\">\n\t\t\t\t\t\t<div class=\"elementor-container elementor-column-gap-default\">\n\t\t\t\t\t<div class=\"elementor-column elementor-col-100 elementor-top-column elementor-element elementor-element-5f0b4e2\" data-id=\"5f0b4e2\" data-element_type=\"column\" data-e-type=\"column\">\n\t\t\t<div class=\"elementor-widget-wrap elementor-element-populated\">\n\t\t\t\t\t\t<div class=\"elementor-element elementor-element-81a4b84 elementor-widget elementor-widget-text-editor\" data-id=\"81a4b84\" data-element_type=\"widget\" data-e-type=\"widget\" data-widget_type=\"text-editor.default\">\n\t\t\t\t<div class=\"elementor-widget-container\">\n\t\t\t\t\t\t\t\t\t<p><span style=\"color: var( --e-global-color-9ddadac ); word-spacing: var( --e-global-typography-text-word-spacing ); font-size: var( --e-global-typography-b2ce6af-font-size ); letter-spacing: var( --e-global-typography-b2ce6af-letter-spacing );\"><b>Conditions d&rsquo;utilisation et clause de non-responsabilit\u00e9<\/b><\/span><\/p><p>Les conditions suivantes s&rsquo;appliquent \u00e0 la visite et \u00e0 l&rsquo;utilisation de notre site web www.cool-down.swiss ainsi qu&rsquo;\u00e0 l&rsquo;abonnement \u00e0 notre lettre d&rsquo;information. En utilisant notre site web, l&rsquo;utilisateur en reconna\u00eet l&rsquo;effet juridiquement contraignant. En l&rsquo;absence d&rsquo;accord, l&rsquo;acc\u00e8s \u00e0 notre site n&rsquo;est pas autoris\u00e9.<br \/>Nous nous r\u00e9servons le droit de modifier, de mettre \u00e0 jour ou de supprimer des informations et des contenus publi\u00e9s sur notre site web et dans nos bulletins d&rsquo;information \u00e0 tout moment et sans pr\u00e9avis. Sauf obligation l\u00e9gale, nous n&rsquo;assumons aucune responsabilit\u00e9 quant \u00e0 l&rsquo;exactitude, l&rsquo;exhaustivit\u00e9 et l&rsquo;actualit\u00e9 des informations et contenus que nous publions.<br \/>Si certaines fonctions de notre site web ou l&rsquo;ensemble du site web sont affect\u00e9s par des dysfonctionnements ou une panne, nous excluons toute responsabilit\u00e9 pour les dommages directs ou indirects de nature mat\u00e9rielle ou immat\u00e9rielle.<br \/>Notre site web peut contenir des liens vers des sites web de tiers. Nous n&rsquo;assumons aucune responsabilit\u00e9 quant au contenu de ces sites et ne les adoptons pas comme n\u00f4tres.<br \/>Tous les droits relatifs au contenu de notre site web et de notre bulletin d&rsquo;information nous sont r\u00e9serv\u00e9s, ainsi qu&rsquo;aux d\u00e9tenteurs de droits nomm\u00e9ment cit\u00e9s. L&rsquo;utilisation du contenu n&rsquo;est autoris\u00e9e qu&rsquo;avec l&rsquo;accord \u00e9crit pr\u00e9alable du d\u00e9tenteur des droits.<br \/>Un lien vers notre site web ne peut \u00eatre \u00e9tabli qu&rsquo;avec notre autorisation \u00e9crite expresse.<\/p><p><span style=\"color: var( --e-global-color-9ddadac ); word-spacing: var( --e-global-typography-text-word-spacing ); font-size: var( --e-global-typography-b2ce6af-font-size ); letter-spacing: var( --e-global-typography-b2ce6af-letter-spacing );\"><b>Images<\/b><\/span><\/p><p>Les images peuvent diff\u00e9rer du produit r\u00e9el.<\/p>\t\t\t\t\t\t\t\t<\/div>\n\t\t\t\t<\/div>\n\t\t\t\t\t<\/div>\n\t\t<\/div>\n\t\t\t\t\t<\/div>\n\t\t<\/section>\n\t\t\t\t<section class=\"elementor-section elementor-top-section elementor-element elementor-element-4d5b112 elementor-section-boxed elementor-section-height-default elementor-section-height-default\" data-id=\"4d5b112\" data-element_type=\"section\" data-e-type=\"section\">\n\t\t\t\t\t\t<div class=\"elementor-container elementor-column-gap-default\">\n\t\t\t\t\t<div class=\"elementor-column elementor-col-100 elementor-top-column elementor-element elementor-element-2278348\" data-id=\"2278348\" data-element_type=\"column\" data-e-type=\"column\">\n\t\t\t<div class=\"elementor-widget-wrap elementor-element-populated\">\n\t\t\t\t\t\t<div class=\"elementor-element elementor-element-bda37fa elementor-widget elementor-widget-spacer\" data-id=\"bda37fa\" data-element_type=\"widget\" data-e-type=\"widget\" data-widget_type=\"spacer.default\">\n\t\t\t\t<div class=\"elementor-widget-container\">\n\t\t\t\t\t\t\t<div class=\"elementor-spacer\">\n\t\t\t<div class=\"elementor-spacer-inner\"><\/div>\n\t\t<\/div>\n\t\t\t\t\t\t<\/div>\n\t\t\t\t<\/div>\n\t\t\t\t\t<\/div>\n\t\t<\/div>\n\t\t\t\t\t<\/div>\n\t\t<\/section>\n\t\t\t\t<\/div>\n\t\t","protected":false},"excerpt":{"rendered":"<p>Mentions l\u00e9gales &#8230; &#8230; Adresse cool down ag, Gaswerkstrasse 15, CH-8570 Weinfelden TG, Suisse Registre du commerce CH-440.4.014.406-7 Conseil d&rsquo;administration Marciano Filippone E-mail info@cool-down.swiss T\u00e9l (+41)\u00a071 620 20 66 Fax (+41)\u00a071 636 25 43 Adresse cool down ag Gaswerkstrasse 15 CH-8570 Weinfelden TG Suisse Registre du commerce CH-440.4.014.406-7 Conseil d&rsquo;administration Marciano Filippone E-mail info@cool-down.swiss T\u00e9l [&hellip;]<\/p>\n","protected":false},"author":1,"featured_media":0,"parent":0,"menu_order":0,"comment_status":"closed","ping_status":"closed","template":"","meta":{"footnotes":""},"class_list":["post-8739","page","type-page","status-publish","hentry"],"_links":{"self":[{"href":"https:\/\/cool-down.swiss\/fr\/wp-json\/wp\/v2\/pages\/8739","targetHints":{"allow":["GET"]}}],"collection":[{"href":"https:\/\/cool-down.swiss\/fr\/wp-json\/wp\/v2\/pages"}],"about":[{"href":"https:\/\/cool-down.swiss\/fr\/wp-json\/wp\/v2\/types\/page"}],"author":[{"embeddable":true,"href":"https:\/\/cool-down.swiss\/fr\/wp-json\/wp\/v2\/users\/1"}],"replies":[{"embeddable":true,"href":"https:\/\/cool-down.swiss\/fr\/wp-json\/wp\/v2\/comments?post=8739"}],"version-history":[{"count":0,"href":"https:\/\/cool-down.swiss\/fr\/wp-json\/wp\/v2\/pages\/8739\/revisions"}],"wp:attachment":[{"href":"https:\/\/cool-down.swiss\/fr\/wp-json\/wp\/v2\/media?parent=8739"}],"curies":[{"name":"wp","href":"https:\/\/api.w.org\/{rel}","templated":true}]}}