{"id":8730,"date":"2023-02-25T14:00:27","date_gmt":"2023-02-25T13:00:27","guid":{"rendered":"https:\/\/cool-down.swiss\/faq\/"},"modified":"2024-02-07T16:04:36","modified_gmt":"2024-02-07T15:04:36","slug":"faq","status":"publish","type":"page","link":"https:\/\/cool-down.swiss\/fr\/faq\/","title":{"rendered":"FAQ"},"content":{"rendered":"\t\t<div data-elementor-type=\"wp-page\" data-elementor-id=\"8730\" class=\"elementor elementor-8730 elementor-5213\" data-elementor-settings=\"{&quot;element_pack_global_tooltip_width&quot;:{&quot;unit&quot;:&quot;px&quot;,&quot;size&quot;:&quot;&quot;,&quot;sizes&quot;:[]},&quot;element_pack_global_tooltip_width_tablet&quot;:{&quot;unit&quot;:&quot;px&quot;,&quot;size&quot;:&quot;&quot;,&quot;sizes&quot;:[]},&quot;element_pack_global_tooltip_width_mobile&quot;:{&quot;unit&quot;:&quot;px&quot;,&quot;size&quot;:&quot;&quot;,&quot;sizes&quot;:[]},&quot;element_pack_global_tooltip_padding&quot;:{&quot;unit&quot;:&quot;px&quot;,&quot;top&quot;:&quot;&quot;,&quot;right&quot;:&quot;&quot;,&quot;bottom&quot;:&quot;&quot;,&quot;left&quot;:&quot;&quot;,&quot;isLinked&quot;:true},&quot;element_pack_global_tooltip_padding_tablet&quot;:{&quot;unit&quot;:&quot;px&quot;,&quot;top&quot;:&quot;&quot;,&quot;right&quot;:&quot;&quot;,&quot;bottom&quot;:&quot;&quot;,&quot;left&quot;:&quot;&quot;,&quot;isLinked&quot;:true},&quot;element_pack_global_tooltip_padding_mobile&quot;:{&quot;unit&quot;:&quot;px&quot;,&quot;top&quot;:&quot;&quot;,&quot;right&quot;:&quot;&quot;,&quot;bottom&quot;:&quot;&quot;,&quot;left&quot;:&quot;&quot;,&quot;isLinked&quot;:true},&quot;element_pack_global_tooltip_border_radius&quot;:{&quot;unit&quot;:&quot;px&quot;,&quot;top&quot;:&quot;&quot;,&quot;right&quot;:&quot;&quot;,&quot;bottom&quot;:&quot;&quot;,&quot;left&quot;:&quot;&quot;,&quot;isLinked&quot;:true},&quot;element_pack_global_tooltip_border_radius_tablet&quot;:{&quot;unit&quot;:&quot;px&quot;,&quot;top&quot;:&quot;&quot;,&quot;right&quot;:&quot;&quot;,&quot;bottom&quot;:&quot;&quot;,&quot;left&quot;:&quot;&quot;,&quot;isLinked&quot;:true},&quot;element_pack_global_tooltip_border_radius_mobile&quot;:{&quot;unit&quot;:&quot;px&quot;,&quot;top&quot;:&quot;&quot;,&quot;right&quot;:&quot;&quot;,&quot;bottom&quot;:&quot;&quot;,&quot;left&quot;:&quot;&quot;,&quot;isLinked&quot;:true}}\" data-elementor-post-type=\"page\">\n\t\t\t\t\t\t<section class=\"elementor-section elementor-top-section elementor-element elementor-element-450025e elementor-section-boxed elementor-section-height-default elementor-section-height-default\" data-id=\"450025e\" data-element_type=\"section\" data-e-type=\"section\">\n\t\t\t\t\t\t<div class=\"elementor-container elementor-column-gap-default\">\n\t\t\t\t\t<div class=\"elementor-column elementor-col-100 elementor-top-column elementor-element elementor-element-a477969\" data-id=\"a477969\" data-element_type=\"column\" data-e-type=\"column\">\n\t\t\t<div class=\"elementor-widget-wrap elementor-element-populated\">\n\t\t\t\t\t\t<div class=\"elementor-element elementor-element-f6edbe2 elementor-widget elementor-widget-spacer\" data-id=\"f6edbe2\" data-element_type=\"widget\" data-e-type=\"widget\" data-widget_type=\"spacer.default\">\n\t\t\t\t<div class=\"elementor-widget-container\">\n\t\t\t\t\t\t\t<div class=\"elementor-spacer\">\n\t\t\t<div class=\"elementor-spacer-inner\"><\/div>\n\t\t<\/div>\n\t\t\t\t\t\t<\/div>\n\t\t\t\t<\/div>\n\t\t\t\t\t<\/div>\n\t\t<\/div>\n\t\t\t\t\t<\/div>\n\t\t<\/section>\n\t\t\t\t<section class=\"elementor-section elementor-top-section elementor-element elementor-element-5e01172 elementor-section-boxed elementor-section-height-default elementor-section-height-default\" data-id=\"5e01172\" data-element_type=\"section\" data-e-type=\"section\" data-settings=\"{&quot;background_background&quot;:&quot;classic&quot;}\">\n\t\t\t\t\t\t<div class=\"elementor-container elementor-column-gap-default\">\n\t\t\t\t\t<div class=\"elementor-column elementor-col-100 elementor-top-column elementor-element elementor-element-ce96f1d\" data-id=\"ce96f1d\" data-element_type=\"column\" data-e-type=\"column\" data-settings=\"{&quot;background_background&quot;:&quot;classic&quot;}\">\n\t\t\t<div class=\"elementor-widget-wrap elementor-element-populated\">\n\t\t\t\t\t\t<div class=\"elementor-element elementor-element-cccdacb elementor-widget elementor-widget-heading\" data-id=\"cccdacb\" data-element_type=\"widget\" data-e-type=\"widget\" data-widget_type=\"heading.default\">\n\t\t\t\t<div class=\"elementor-widget-container\">\n\t\t\t\t\t<h1 class=\"elementor-heading-title elementor-size-default\">FAQ<\/h1>\t\t\t\t<\/div>\n\t\t\t\t<\/div>\n\t\t\t\t<div class=\"elementor-element elementor-element-4196c8d elementor-widget elementor-widget-spacer\" data-id=\"4196c8d\" data-element_type=\"widget\" data-e-type=\"widget\" data-widget_type=\"spacer.default\">\n\t\t\t\t<div class=\"elementor-widget-container\">\n\t\t\t\t\t\t\t<div class=\"elementor-spacer\">\n\t\t\t<div class=\"elementor-spacer-inner\"><\/div>\n\t\t<\/div>\n\t\t\t\t\t\t<\/div>\n\t\t\t\t<\/div>\n\t\t\t\t\t<\/div>\n\t\t<\/div>\n\t\t\t\t\t<\/div>\n\t\t<\/section>\n\t\t\t\t<section class=\"elementor-section elementor-top-section elementor-element elementor-element-47528a6 elementor-section-boxed elementor-section-height-default elementor-section-height-default\" data-id=\"47528a6\" data-element_type=\"section\" data-e-type=\"section\">\n\t\t\t\t\t\t<div class=\"elementor-container elementor-column-gap-default\">\n\t\t\t\t\t<div class=\"elementor-column elementor-col-33 elementor-top-column elementor-element elementor-element-97215a6\" data-id=\"97215a6\" data-element_type=\"column\" data-e-type=\"column\">\n\t\t\t<div class=\"elementor-widget-wrap elementor-element-populated\">\n\t\t\t\t\t\t<div class=\"elementor-element elementor-element-d9c1ce5 qwe2 elementor-widget elementor-widget-accordion\" data-id=\"d9c1ce5\" data-element_type=\"widget\" data-e-type=\"widget\" data-widget_type=\"accordion.default\">\n\t\t\t\t<div class=\"elementor-widget-container\">\n\t\t\t\t\t\t\t<div class=\"elementor-accordion\">\n\t\t\t\t\t\t\t<div class=\"elementor-accordion-item\">\n\t\t\t\t\t<div id=\"elementor-tab-title-2281\" class=\"elementor-tab-title\" data-tab=\"1\" role=\"button\" aria-controls=\"elementor-tab-content-2281\" aria-expanded=\"false\">\n\t\t\t\t\t\t\t\t\t\t\t\t\t<span class=\"elementor-accordion-icon elementor-accordion-icon-right\" aria-hidden=\"true\">\n\t\t\t\t\t\t\t\t\t\t\t\t\t\t\t<span class=\"elementor-accordion-icon-closed\"><i class=\"fas fa-plus\"><\/i><\/span>\n\t\t\t\t\t\t\t\t<span class=\"elementor-accordion-icon-opened\"><i class=\"fas fa-minus\"><\/i><\/span>\n\t\t\t\t\t\t\t\t\t\t\t\t\t\t<\/span>\n\t\t\t\t\t\t\t\t\t\t\t\t<a class=\"elementor-accordion-title\" tabindex=\"0\">ausgeblendet<\/a>\n\t\t\t\t\t<\/div>\n\t\t\t\t\t<div id=\"elementor-tab-content-2281\" class=\"elementor-tab-content elementor-clearfix\" data-tab=\"1\" role=\"region\" aria-labelledby=\"elementor-tab-title-2281\"><\/div>\n\t\t\t\t<\/div>\n\t\t\t\t\t\t\t<div class=\"elementor-accordion-item\">\n\t\t\t\t\t<div id=\"elementor-tab-title-2282\" class=\"elementor-tab-title\" data-tab=\"2\" role=\"button\" aria-controls=\"elementor-tab-content-2282\" aria-expanded=\"false\">\n\t\t\t\t\t\t\t\t\t\t\t\t\t<span class=\"elementor-accordion-icon elementor-accordion-icon-right\" aria-hidden=\"true\">\n\t\t\t\t\t\t\t\t\t\t\t\t\t\t\t<span class=\"elementor-accordion-icon-closed\"><i class=\"fas fa-plus\"><\/i><\/span>\n\t\t\t\t\t\t\t\t<span class=\"elementor-accordion-icon-opened\"><i class=\"fas fa-minus\"><\/i><\/span>\n\t\t\t\t\t\t\t\t\t\t\t\t\t\t<\/span>\n\t\t\t\t\t\t\t\t\t\t\t\t<a class=\"elementor-accordion-title\" tabindex=\"0\">Qu'est-ce qui rend cool down si unique?<\/a>\n\t\t\t\t\t<\/div>\n\t\t\t\t\t<div id=\"elementor-tab-content-2282\" class=\"elementor-tab-content elementor-clearfix\" data-tab=\"2\" role=\"region\" aria-labelledby=\"elementor-tab-title-2282\"><p>cool down ICE FLUID &#8211; effet rafra\u00eechissant naturel avec un effet imm\u00e9diat ing\u00e9nieux. Peut \u00e9galement \u00eatre utilis\u00e9 sans probl\u00e8me par les personnes souffrant d&rsquo;allergies. Gr\u00e2ce \u00e0 la r\u00e9duction douce et locale de la temp\u00e9rature d&rsquo;environ 7 \u00e0 10 \u00b0C, les vaisseaux sanguins se contractent &#8211; le gonflement des tissus est r\u00e9duit. En outre, les r\u00e9cepteurs de la douleur de la peau sont bloqu\u00e9s et les impulsions nerveuses d\u00e9clenchant la douleur sont affaiblies &#8211; la douleur s&rsquo;att\u00e9nue.<\/p><\/div>\n\t\t\t\t<\/div>\n\t\t\t\t\t\t\t<div class=\"elementor-accordion-item\">\n\t\t\t\t\t<div id=\"elementor-tab-title-2283\" class=\"elementor-tab-title\" data-tab=\"3\" role=\"button\" aria-controls=\"elementor-tab-content-2283\" aria-expanded=\"false\">\n\t\t\t\t\t\t\t\t\t\t\t\t\t<span class=\"elementor-accordion-icon elementor-accordion-icon-right\" aria-hidden=\"true\">\n\t\t\t\t\t\t\t\t\t\t\t\t\t\t\t<span class=\"elementor-accordion-icon-closed\"><i class=\"fas fa-plus\"><\/i><\/span>\n\t\t\t\t\t\t\t\t<span class=\"elementor-accordion-icon-opened\"><i class=\"fas fa-minus\"><\/i><\/span>\n\t\t\t\t\t\t\t\t\t\t\t\t\t\t<\/span>\n\t\t\t\t\t\t\t\t\t\t\t\t<a class=\"elementor-accordion-title\" tabindex=\"0\">Pour quelles blessures un refroidissement est-il utile?<\/a>\n\t\t\t\t\t<\/div>\n\t\t\t\t\t<div id=\"elementor-tab-content-2283\" class=\"elementor-tab-content elementor-clearfix\" data-tab=\"3\" role=\"region\" aria-labelledby=\"elementor-tab-title-2283\"><p>Gr\u00e2ce \u00e0 la souplesse d&rsquo;utilisation de cool down ICE FLUID, toute blessure de l&rsquo;appareil locomoteur peut \u00eatre refroidie. En cas de plaies ouvertes, d&rsquo;\u00e9ruptions cutan\u00e9es ou d&rsquo;ecz\u00e9ma, cool down ICE FLUID ne doit \u00eatre utilis\u00e9 qu&rsquo;apr\u00e8s avoir \u00e9t\u00e9 recouvert d&rsquo;un pansement en film plastique.<br \/>Il convient d&rsquo;\u00eatre particuli\u00e8rement prudent lors du refroidissement \u00e0 proximit\u00e9 des yeux et des organes g\u00e9nitaux.Besondere Vorsicht ist beim K\u00fchlen in Augenn\u00e4he und der Geschlechtsteile angezeigt.<\/p><\/div>\n\t\t\t\t<\/div>\n\t\t\t\t\t\t\t<div class=\"elementor-accordion-item\">\n\t\t\t\t\t<div id=\"elementor-tab-title-2284\" class=\"elementor-tab-title\" data-tab=\"4\" role=\"button\" aria-controls=\"elementor-tab-content-2284\" aria-expanded=\"false\">\n\t\t\t\t\t\t\t\t\t\t\t\t\t<span class=\"elementor-accordion-icon elementor-accordion-icon-right\" aria-hidden=\"true\">\n\t\t\t\t\t\t\t\t\t\t\t\t\t\t\t<span class=\"elementor-accordion-icon-closed\"><i class=\"fas fa-plus\"><\/i><\/span>\n\t\t\t\t\t\t\t\t<span class=\"elementor-accordion-icon-opened\"><i class=\"fas fa-minus\"><\/i><\/span>\n\t\t\t\t\t\t\t\t\t\t\t\t\t\t<\/span>\n\t\t\t\t\t\t\t\t\t\t\t\t<a class=\"elementor-accordion-title\" tabindex=\"0\">Quelle est la fr\u00e9quence d'utilisation du cool down?<\/a>\n\t\t\t\t\t<\/div>\n\t\t\t\t\t<div id=\"elementor-tab-content-2284\" class=\"elementor-tab-content elementor-clearfix\" data-tab=\"4\" role=\"region\" aria-labelledby=\"elementor-tab-title-2284\"><p>Pour un effet de refroidissement optimal, cool down doit \u00eatre laiss\u00e9 sur la blessure pendant au moins deux heures. Un refroidissement plus long est \u00e9galement possible sans risque. Le refroidissement avec le cool down ICE FLUID peut \u00eatre r\u00e9p\u00e9t\u00e9 aussi souvent que n\u00e9cessaire. Apr\u00e8s une intervention chirurgicale, il est recommand\u00e9 d&rsquo;appliquer le refroidissement deux \u00e0 trois fois par jour.<\/p><\/div>\n\t\t\t\t<\/div>\n\t\t\t\t\t\t\t<div class=\"elementor-accordion-item\">\n\t\t\t\t\t<div id=\"elementor-tab-title-2285\" class=\"elementor-tab-title\" data-tab=\"5\" role=\"button\" aria-controls=\"elementor-tab-content-2285\" aria-expanded=\"false\">\n\t\t\t\t\t\t\t\t\t\t\t\t\t<span class=\"elementor-accordion-icon elementor-accordion-icon-right\" aria-hidden=\"true\">\n\t\t\t\t\t\t\t\t\t\t\t\t\t\t\t<span class=\"elementor-accordion-icon-closed\"><i class=\"fas fa-plus\"><\/i><\/span>\n\t\t\t\t\t\t\t\t<span class=\"elementor-accordion-icon-opened\"><i class=\"fas fa-minus\"><\/i><\/span>\n\t\t\t\t\t\t\t\t\t\t\t\t\t\t<\/span>\n\t\t\t\t\t\t\t\t\t\t\t\t<a class=\"elementor-accordion-title\" tabindex=\"0\">Est-ce que cool down doit \u00eatre pr\u00e9-refroidi?<\/a>\n\t\t\t\t\t<\/div>\n\t\t\t\t\t<div id=\"elementor-tab-content-2285\" class=\"elementor-tab-content elementor-clearfix\" data-tab=\"5\" role=\"region\" aria-labelledby=\"elementor-tab-title-2285\"><p>Non, le cool down n&rsquo;a pas besoin d&rsquo;\u00eatre pr\u00e9-refroidi. Il suffit de m\u00e9langer le liquide de refroidissement \u00e0 de l&rsquo;eau.<\/p><\/div>\n\t\t\t\t<\/div>\n\t\t\t\t\t\t\t\t\t\t<script type=\"application\/ld+json\">{\"@context\":\"https:\\\/\\\/schema.org\",\"@type\":\"FAQPage\",\"mainEntity\":[{\"@type\":\"Question\",\"name\":\"ausgeblendet\",\"acceptedAnswer\":{\"@type\":\"Answer\",\"text\":\"\"}},{\"@type\":\"Question\",\"name\":\"Qu'est-ce qui rend cool down si unique?\",\"acceptedAnswer\":{\"@type\":\"Answer\",\"text\":\"<p>cool down ICE FLUID &#8211; effet rafra\\u00eechissant naturel avec un effet imm\\u00e9diat ing\\u00e9nieux. Peut \\u00e9galement \\u00eatre utilis\\u00e9 sans probl\\u00e8me par les personnes souffrant d&rsquo;allergies. Gr\\u00e2ce \\u00e0 la r\\u00e9duction douce et locale de la temp\\u00e9rature d&rsquo;environ 7 \\u00e0 10 \\u00b0C, les vaisseaux sanguins se contractent &#8211; le gonflement des tissus est r\\u00e9duit. En outre, les r\\u00e9cepteurs de la douleur de la peau sont bloqu\\u00e9s et les impulsions nerveuses d\\u00e9clenchant la douleur sont affaiblies &#8211; la douleur s&rsquo;att\\u00e9nue.<\\\/p>\"}},{\"@type\":\"Question\",\"name\":\"Pour quelles blessures un refroidissement est-il utile?\",\"acceptedAnswer\":{\"@type\":\"Answer\",\"text\":\"<p>Gr\\u00e2ce \\u00e0 la souplesse d&rsquo;utilisation de cool down ICE FLUID, toute blessure de l&rsquo;appareil locomoteur peut \\u00eatre refroidie. En cas de plaies ouvertes, d&rsquo;\\u00e9ruptions cutan\\u00e9es ou d&rsquo;ecz\\u00e9ma, cool down ICE FLUID ne doit \\u00eatre utilis\\u00e9 qu&rsquo;apr\\u00e8s avoir \\u00e9t\\u00e9 recouvert d&rsquo;un pansement en film plastique.<br \\\/>Il convient d&rsquo;\\u00eatre particuli\\u00e8rement prudent lors du refroidissement \\u00e0 proximit\\u00e9 des yeux et des organes g\\u00e9nitaux.Besondere Vorsicht ist beim K\\u00fchlen in Augenn\\u00e4he und der Geschlechtsteile angezeigt.<\\\/p>\"}},{\"@type\":\"Question\",\"name\":\"Quelle est la fr\\u00e9quence d'utilisation du cool down?\",\"acceptedAnswer\":{\"@type\":\"Answer\",\"text\":\"<p>Pour un effet de refroidissement optimal, cool down doit \\u00eatre laiss\\u00e9 sur la blessure pendant au moins deux heures. Un refroidissement plus long est \\u00e9galement possible sans risque. Le refroidissement avec le cool down ICE FLUID peut \\u00eatre r\\u00e9p\\u00e9t\\u00e9 aussi souvent que n\\u00e9cessaire. Apr\\u00e8s une intervention chirurgicale, il est recommand\\u00e9 d&rsquo;appliquer le refroidissement deux \\u00e0 trois fois par jour.<\\\/p>\"}},{\"@type\":\"Question\",\"name\":\"Est-ce que cool down doit \\u00eatre pr\\u00e9-refroidi?\",\"acceptedAnswer\":{\"@type\":\"Answer\",\"text\":\"<p>Non, le cool down n&rsquo;a pas besoin d&rsquo;\\u00eatre pr\\u00e9-refroidi. Il suffit de m\\u00e9langer le liquide de refroidissement \\u00e0 de l&rsquo;eau.<\\\/p>\"}}]}<\/script>\n\t\t\t\t\t<\/div>\n\t\t\t\t\t\t<\/div>\n\t\t\t\t<\/div>\n\t\t\t\t\t<\/div>\n\t\t<\/div>\n\t\t\t\t<div class=\"elementor-column elementor-col-33 elementor-top-column elementor-element elementor-element-795c8ec\" data-id=\"795c8ec\" data-element_type=\"column\" data-e-type=\"column\">\n\t\t\t<div class=\"elementor-widget-wrap\">\n\t\t\t\t\t\t\t<\/div>\n\t\t<\/div>\n\t\t\t\t<div class=\"elementor-column elementor-col-33 elementor-top-column elementor-element elementor-element-12fbdcd\" data-id=\"12fbdcd\" data-element_type=\"column\" data-e-type=\"column\">\n\t\t\t<div class=\"elementor-widget-wrap elementor-element-populated\">\n\t\t\t\t\t\t<div class=\"elementor-element elementor-element-c90b162 elementor-widget elementor-widget-accordion\" data-id=\"c90b162\" data-element_type=\"widget\" data-e-type=\"widget\" data-widget_type=\"accordion.default\">\n\t\t\t\t<div class=\"elementor-widget-container\">\n\t\t\t\t\t\t\t<div class=\"elementor-accordion\">\n\t\t\t\t\t\t\t<div class=\"elementor-accordion-item\">\n\t\t\t\t\t<div id=\"elementor-tab-title-2101\" class=\"elementor-tab-title\" data-tab=\"1\" role=\"button\" aria-controls=\"elementor-tab-content-2101\" aria-expanded=\"false\">\n\t\t\t\t\t\t\t\t\t\t\t\t\t<span class=\"elementor-accordion-icon elementor-accordion-icon-right\" aria-hidden=\"true\">\n\t\t\t\t\t\t\t\t\t\t\t\t\t\t\t<span class=\"elementor-accordion-icon-closed\"><i class=\"fas fa-plus\"><\/i><\/span>\n\t\t\t\t\t\t\t\t<span class=\"elementor-accordion-icon-opened\"><i class=\"fas fa-minus\"><\/i><\/span>\n\t\t\t\t\t\t\t\t\t\t\t\t\t\t<\/span>\n\t\t\t\t\t\t\t\t\t\t\t\t<a class=\"elementor-accordion-title\" tabindex=\"0\">asugeblendet<\/a>\n\t\t\t\t\t<\/div>\n\t\t\t\t\t<div id=\"elementor-tab-content-2101\" class=\"elementor-tab-content elementor-clearfix\" data-tab=\"1\" role=\"region\" aria-labelledby=\"elementor-tab-title-2101\"><\/div>\n\t\t\t\t<\/div>\n\t\t\t\t\t\t\t<div class=\"elementor-accordion-item\">\n\t\t\t\t\t<div id=\"elementor-tab-title-2102\" class=\"elementor-tab-title\" data-tab=\"2\" role=\"button\" aria-controls=\"elementor-tab-content-2102\" aria-expanded=\"false\">\n\t\t\t\t\t\t\t\t\t\t\t\t\t<span class=\"elementor-accordion-icon elementor-accordion-icon-right\" aria-hidden=\"true\">\n\t\t\t\t\t\t\t\t\t\t\t\t\t\t\t<span class=\"elementor-accordion-icon-closed\"><i class=\"fas fa-plus\"><\/i><\/span>\n\t\t\t\t\t\t\t\t<span class=\"elementor-accordion-icon-opened\"><i class=\"fas fa-minus\"><\/i><\/span>\n\t\t\t\t\t\t\t\t\t\t\t\t\t\t<\/span>\n\t\t\t\t\t\t\t\t\t\t\t\t<a class=\"elementor-accordion-title\" tabindex=\"0\">Quelle est la dur\u00e9e de l'effet rafra\u00eechissant?<\/a>\n\t\t\t\t\t<\/div>\n\t\t\t\t\t<div id=\"elementor-tab-content-2102\" class=\"elementor-tab-content elementor-clearfix\" data-tab=\"2\" role=\"region\" aria-labelledby=\"elementor-tab-title-2102\"><p>L&rsquo;effet rafra\u00eechissant s&rsquo;installe imm\u00e9diatement et dure en permanence pendant deux \u00e0 trois heures.<\/p><\/div>\n\t\t\t\t<\/div>\n\t\t\t\t\t\t\t<div class=\"elementor-accordion-item\">\n\t\t\t\t\t<div id=\"elementor-tab-title-2103\" class=\"elementor-tab-title\" data-tab=\"3\" role=\"button\" aria-controls=\"elementor-tab-content-2103\" aria-expanded=\"false\">\n\t\t\t\t\t\t\t\t\t\t\t\t\t<span class=\"elementor-accordion-icon elementor-accordion-icon-right\" aria-hidden=\"true\">\n\t\t\t\t\t\t\t\t\t\t\t\t\t\t\t<span class=\"elementor-accordion-icon-closed\"><i class=\"fas fa-plus\"><\/i><\/span>\n\t\t\t\t\t\t\t\t<span class=\"elementor-accordion-icon-opened\"><i class=\"fas fa-minus\"><\/i><\/span>\n\t\t\t\t\t\t\t\t\t\t\t\t\t\t<\/span>\n\t\t\t\t\t\t\t\t\t\t\t\t<a class=\"elementor-accordion-title\" tabindex=\"0\">Le refroidissement nocturne est-il possible?<\/a>\n\t\t\t\t\t<\/div>\n\t\t\t\t\t<div id=\"elementor-tab-content-2103\" class=\"elementor-tab-content elementor-clearfix\" data-tab=\"3\" role=\"region\" aria-labelledby=\"elementor-tab-title-2103\"><p>Oui! Avec cool down, la r\u00e9frig\u00e9ration pendant la nuit est possible. Gr\u00e2ce au refroidissement constant, il n&rsquo;y a pas de risque de dommages dus au froid.<\/p><\/div>\n\t\t\t\t<\/div>\n\t\t\t\t\t\t\t<div class=\"elementor-accordion-item\">\n\t\t\t\t\t<div id=\"elementor-tab-title-2104\" class=\"elementor-tab-title\" data-tab=\"4\" role=\"button\" aria-controls=\"elementor-tab-content-2104\" aria-expanded=\"false\">\n\t\t\t\t\t\t\t\t\t\t\t\t\t<span class=\"elementor-accordion-icon elementor-accordion-icon-right\" aria-hidden=\"true\">\n\t\t\t\t\t\t\t\t\t\t\t\t\t\t\t<span class=\"elementor-accordion-icon-closed\"><i class=\"fas fa-plus\"><\/i><\/span>\n\t\t\t\t\t\t\t\t<span class=\"elementor-accordion-icon-opened\"><i class=\"fas fa-minus\"><\/i><\/span>\n\t\t\t\t\t\t\t\t\t\t\t\t\t\t<\/span>\n\t\t\t\t\t\t\t\t\t\t\t\t<a class=\"elementor-accordion-title\" tabindex=\"0\">Combien d'applications sont possibles?<\/a>\n\t\t\t\t\t<\/div>\n\t\t\t\t\t<div id=\"elementor-tab-content-2104\" class=\"elementor-tab-content elementor-clearfix\" data-tab=\"4\" role=\"region\" aria-labelledby=\"elementor-tab-title-2104\"><p>Le cool down ICE FLUID (250 ml) suffit pour environ 40 applications. Le cool down ICE FLUID (100 ml) suffit pour environ 15 applications. M\u00e9langer le cool down ICE FLUID avec de l&rsquo;eau dans un rapport de 1:5.<\/p><\/div>\n\t\t\t\t<\/div>\n\t\t\t\t\t\t\t<div class=\"elementor-accordion-item\">\n\t\t\t\t\t<div id=\"elementor-tab-title-2105\" class=\"elementor-tab-title\" data-tab=\"5\" role=\"button\" aria-controls=\"elementor-tab-content-2105\" aria-expanded=\"false\">\n\t\t\t\t\t\t\t\t\t\t\t\t\t<span class=\"elementor-accordion-icon elementor-accordion-icon-right\" aria-hidden=\"true\">\n\t\t\t\t\t\t\t\t\t\t\t\t\t\t\t<span class=\"elementor-accordion-icon-closed\"><i class=\"fas fa-plus\"><\/i><\/span>\n\t\t\t\t\t\t\t\t<span class=\"elementor-accordion-icon-opened\"><i class=\"fas fa-minus\"><\/i><\/span>\n\t\t\t\t\t\t\t\t\t\t\t\t\t\t<\/span>\n\t\t\t\t\t\t\t\t\t\t\t\t<a class=\"elementor-accordion-title\" tabindex=\"0\">Quel bandage doit \u00eatre impr\u00e9gn\u00e9?<\/a>\n\t\t\t\t\t<\/div>\n\t\t\t\t\t<div id=\"elementor-tab-content-2105\" class=\"elementor-tab-content elementor-clearfix\" data-tab=\"5\" role=\"region\" aria-labelledby=\"elementor-tab-title-2105\"><p>Imbibez le bandage en coton blanc avec le m\u00e9lange d&rsquo;eau cool down ICE FLUID. La bande de fixation (bande de mousse) sert de bandage de couverture.<\/p><\/div>\n\t\t\t\t<\/div>\n\t\t\t\t\t\t\t\t\t\t<script type=\"application\/ld+json\">{\"@context\":\"https:\\\/\\\/schema.org\",\"@type\":\"FAQPage\",\"mainEntity\":[{\"@type\":\"Question\",\"name\":\"asugeblendet\",\"acceptedAnswer\":{\"@type\":\"Answer\",\"text\":\"\"}},{\"@type\":\"Question\",\"name\":\"Quelle est la dur\\u00e9e de l'effet rafra\\u00eechissant?\",\"acceptedAnswer\":{\"@type\":\"Answer\",\"text\":\"<p>L&rsquo;effet rafra\\u00eechissant s&rsquo;installe imm\\u00e9diatement et dure en permanence pendant deux \\u00e0 trois heures.<\\\/p>\"}},{\"@type\":\"Question\",\"name\":\"Le refroidissement nocturne est-il possible?\",\"acceptedAnswer\":{\"@type\":\"Answer\",\"text\":\"<p>Oui! Avec cool down, la r\\u00e9frig\\u00e9ration pendant la nuit est possible. Gr\\u00e2ce au refroidissement constant, il n&rsquo;y a pas de risque de dommages dus au froid.<\\\/p>\"}},{\"@type\":\"Question\",\"name\":\"Combien d'applications sont possibles?\",\"acceptedAnswer\":{\"@type\":\"Answer\",\"text\":\"<p>Le cool down ICE FLUID (250 ml) suffit pour environ 40 applications. Le cool down ICE FLUID (100 ml) suffit pour environ 15 applications. M\\u00e9langer le cool down ICE FLUID avec de l&rsquo;eau dans un rapport de 1:5.<\\\/p>\"}},{\"@type\":\"Question\",\"name\":\"Quel bandage doit \\u00eatre impr\\u00e9gn\\u00e9?\",\"acceptedAnswer\":{\"@type\":\"Answer\",\"text\":\"<p>Imbibez le bandage en coton blanc avec le m\\u00e9lange d&rsquo;eau cool down ICE FLUID. La bande de fixation (bande de mousse) sert de bandage de couverture.<\\\/p>\"}}]}<\/script>\n\t\t\t\t\t<\/div>\n\t\t\t\t\t\t<\/div>\n\t\t\t\t<\/div>\n\t\t\t\t\t<\/div>\n\t\t<\/div>\n\t\t\t\t\t<\/div>\n\t\t<\/section>\n\t\t\t\t<section class=\"elementor-section elementor-top-section elementor-element elementor-element-af8da52 elementor-section-boxed elementor-section-height-default elementor-section-height-default\" data-id=\"af8da52\" data-element_type=\"section\" data-e-type=\"section\">\n\t\t\t\t\t\t<div class=\"elementor-container elementor-column-gap-default\">\n\t\t\t\t\t<div class=\"elementor-column elementor-col-100 elementor-top-column elementor-element elementor-element-1d3dc5b\" data-id=\"1d3dc5b\" data-element_type=\"column\" data-e-type=\"column\">\n\t\t\t<div class=\"elementor-widget-wrap elementor-element-populated\">\n\t\t\t\t\t\t<div class=\"elementor-element elementor-element-d2fecec elementor-widget elementor-widget-spacer\" data-id=\"d2fecec\" data-element_type=\"widget\" data-e-type=\"widget\" data-widget_type=\"spacer.default\">\n\t\t\t\t<div class=\"elementor-widget-container\">\n\t\t\t\t\t\t\t<div class=\"elementor-spacer\">\n\t\t\t<div class=\"elementor-spacer-inner\"><\/div>\n\t\t<\/div>\n\t\t\t\t\t\t<\/div>\n\t\t\t\t<\/div>\n\t\t\t\t\t<\/div>\n\t\t<\/div>\n\t\t\t\t\t<\/div>\n\t\t<\/section>\n\t\t\t\t<\/div>\n\t\t","protected":false},"excerpt":{"rendered":"<p>FAQ ausgeblendet Qu&rsquo;est-ce qui rend cool down si unique? cool down ICE FLUID &#8211; effet rafra\u00eechissant naturel avec un effet imm\u00e9diat ing\u00e9nieux. Peut \u00e9galement \u00eatre utilis\u00e9 sans probl\u00e8me par les personnes souffrant d&#8217;allergies. Gr\u00e2ce \u00e0 la r\u00e9duction douce et locale de la temp\u00e9rature d&#8217;environ 7 \u00e0 10 \u00b0C, les vaisseaux sanguins se contractent &#8211; le [&hellip;]<\/p>\n","protected":false},"author":2,"featured_media":0,"parent":0,"menu_order":0,"comment_status":"closed","ping_status":"closed","template":"","meta":{"footnotes":""},"class_list":["post-8730","page","type-page","status-publish","hentry"],"_links":{"self":[{"href":"https:\/\/cool-down.swiss\/fr\/wp-json\/wp\/v2\/pages\/8730","targetHints":{"allow":["GET"]}}],"collection":[{"href":"https:\/\/cool-down.swiss\/fr\/wp-json\/wp\/v2\/pages"}],"about":[{"href":"https:\/\/cool-down.swiss\/fr\/wp-json\/wp\/v2\/types\/page"}],"author":[{"embeddable":true,"href":"https:\/\/cool-down.swiss\/fr\/wp-json\/wp\/v2\/users\/2"}],"replies":[{"embeddable":true,"href":"https:\/\/cool-down.swiss\/fr\/wp-json\/wp\/v2\/comments?post=8730"}],"version-history":[{"count":4,"href":"https:\/\/cool-down.swiss\/fr\/wp-json\/wp\/v2\/pages\/8730\/revisions"}],"predecessor-version":[{"id":9927,"href":"https:\/\/cool-down.swiss\/fr\/wp-json\/wp\/v2\/pages\/8730\/revisions\/9927"}],"wp:attachment":[{"href":"https:\/\/cool-down.swiss\/fr\/wp-json\/wp\/v2\/media?parent=8730"}],"curies":[{"name":"wp","href":"https:\/\/api.w.org\/{rel}","templated":true}]}}